{"id":205,"date":"2019-02-18T17:54:48","date_gmt":"2019-02-18T16:54:48","guid":{"rendered":"https:\/\/www.whos-yan.com\/accueil\/"},"modified":"2023-06-12T21:29:23","modified_gmt":"2023-06-12T19:29:23","slug":"home","status":"publish","type":"page","link":"https:\/\/www.whos-yan.com\/en\/","title":{"rendered":"Home"},"content":{"rendered":"<p>[et_pb_section fb_built=&#8221;1&#8243; fullwidth=&#8221;on&#8221; _builder_version=&#8221;4.16&#8243; global_colors_info=&#8221;{}&#8221;][et_pb_fullwidth_slider _builder_version=&#8221;4.16&#8243; auto=&#8221;on&#8221; global_colors_info=&#8221;{}&#8221;][et_pb_slide heading=&#8221;English lessons in very <br \/>small groups in Nancy&#8221; button_text=&#8221;Contact us&#8221; button_link=&#8221;https:\/\/www.whos-yan.com\/en\/contact\/&#8221; use_bg_overlay=&#8221;off&#8221; use_text_overlay=&#8221;off&#8221; _builder_version=&#8221;4.16&#8243; background_image=&#8221;https:\/\/www.whos-yan.com\/wp-content\/uploads\/2019\/02\/bandeau.jpg&#8221; button_on_hover=&#8221;on&#8221; global_colors_info=&#8221;{}&#8221; sticky_transition=&#8221;on&#8221;][\/et_pb_slide][et_pb_slide heading=&#8221;English lessons in very <br \/>small groups in laxou&#8221; button_text=&#8221;Contact us&#8221; button_link=&#8221;https:\/\/www.whos-yan.com\/en\/contact\/&#8221; use_bg_overlay=&#8221;on&#8221; bg_overlay_color=&#8221;rgba(0,0,0,0.4)&#8221; use_text_overlay=&#8221;off&#8221; _builder_version=&#8221;4.16&#8243; background_image=&#8221;https:\/\/www.whos-yan.com\/wp-content\/uploads\/2019\/02\/london3.jpg&#8221; button_on_hover=&#8221;on&#8221; global_colors_info=&#8221;{}&#8221; sticky_transition=&#8221;on&#8221;][\/et_pb_slide][et_pb_slide heading=&#8221;English lessons in very <br \/>small groups in lorraine&#8221; button_text=&#8221;Contact us&#8221; button_link=&#8221;https:\/\/www.whos-yan.com\/en\/contact\/&#8221; use_bg_overlay=&#8221;on&#8221; bg_overlay_color=&#8221;rgba(0,0,0,0.4)&#8221; use_text_overlay=&#8221;off&#8221; _builder_version=&#8221;4.16&#8243; background_image=&#8221;https:\/\/www.whos-yan.com\/wp-content\/uploads\/2019\/02\/london1.jpg&#8221; button_on_hover=&#8221;on&#8221; global_colors_info=&#8221;{}&#8221; sticky_transition=&#8221;on&#8221;][\/et_pb_slide][\/et_pb_fullwidth_slider][\/et_pb_section][et_pb_section fb_built=&#8221;1&#8243; specialty=&#8221;on&#8221; _builder_version=&#8221;4.16&#8243; background_color=&#8221;rgba(255,255,255,0.95)&#8221; background_image=&#8221;https:\/\/www.whos-yan.com\/wp-content\/uploads\/2019\/02\/BG.jpg&#8221; background_blend=&#8221;overlay&#8221; global_colors_info=&#8221;{}&#8221;][et_pb_column type=&#8221;1_2&#8243; specialty_columns=&#8221;3&#8243; _builder_version=&#8221;4.16&#8243; custom_padding=&#8221;|||&#8221; global_colors_info=&#8221;{}&#8221; parallax__hover=&#8221;off&#8221; parallax_method__hover=&#8221;on&#8221; custom_padding__hover=&#8221;|||&#8221;][et_pb_row_inner admin_label=&#8221;Ligne&#8221; _builder_version=&#8221;4.16&#8243; global_colors_info=&#8221;{}&#8221;][et_pb_column_inner saved_specialty_column_type=&#8221;1_2&#8243; _builder_version=&#8221;4.16&#8243; custom_padding=&#8221;|||&#8221; global_colors_info=&#8221;{}&#8221; parallax__hover=&#8221;off&#8221; parallax_method__hover=&#8221;on&#8221; custom_padding__hover=&#8221;|||&#8221;][et_pb_text admin_label=&#8221;English lessons for adults&#8221; _builder_version=&#8221;4.19.2&#8243; header_2_font=&#8221;|700||on|||||&#8221; global_colors_info=&#8221;{}&#8221;]<\/p>\n<h1 style=\"text-align: center;\">ENGLISH CLASSES FOR ADULTS<\/h1>\n<p>[\/et_pb_text][\/et_pb_column_inner][\/et_pb_row_inner][et_pb_row_inner column_structure=&#8221;1_3,1_3,1_3&#8243; use_custom_gutter=&#8221;on&#8221; gutter_width=&#8221;1&#8243; admin_label=&#8221;Ligne&#8221; _builder_version=&#8221;4.16&#8243; background_color=&#8221;rgba(245,245,245,0.55)&#8221; custom_padding=&#8221;20px|20px|20px|20px&#8221; link_option_url=&#8221;https:\/\/www.whos-yan.com\/en\/contact\/#map&#8221; border_width_all=&#8221;1px&#8221; border_color_all=&#8221;#cccccc&#8221; border_color_top=&#8221;#cccccc&#8221; border_color_right=&#8221;#cccccc&#8221; border_color_bottom=&#8221;#cccccc&#8221; border_color_left=&#8221;#cccccc&#8221; global_colors_info=&#8221;{}&#8221;][et_pb_column_inner type=&#8221;1_3&#8243; saved_specialty_column_type=&#8221;1_2&#8243; _builder_version=&#8221;4.16&#8243; custom_padding=&#8221;18px|||&#8221; global_colors_info=&#8221;{}&#8221; padding_top__hover=&#8221;18px&#8221; parallax__hover=&#8221;off&#8221; parallax_method__hover=&#8221;on&#8221; custom_padding__hover=&#8221;|||&#8221;][et_pb_image src=&#8221;https:\/\/www.whos-yan.com\/wp-content\/uploads\/2019\/02\/crbst_The-Union-flag-010.jpg&#8221; align_tablet=&#8221;center&#8221; align_phone=&#8221;&#8221; align_last_edited=&#8221;on|desktop&#8221; _builder_version=&#8221;4.16&#8243; global_colors_info=&#8221;{}&#8221;][\/et_pb_image][\/et_pb_column_inner][et_pb_column_inner type=&#8221;1_3&#8243; saved_specialty_column_type=&#8221;1_2&#8243; _builder_version=&#8221;4.16&#8243; custom_padding=&#8221;|||&#8221; global_colors_info=&#8221;{}&#8221; parallax__hover=&#8221;off&#8221; parallax_method__hover=&#8221;on&#8221; custom_padding__hover=&#8221;|||&#8221;][et_pb_text admin_label=&#8221;Adresse&#8221; _builder_version=&#8221;4.16&#8243; header_2_font=&#8221;|700||on|||||&#8221; header_2_text_align=&#8221;center&#8221; global_colors_info=&#8221;{}&#8221;]<\/p>\n<p style=\"text-align: center;\"><span style=\"color: #000000;\"><strong>LAXOU<\/strong><\/span><br \/><span style=\"color: #000000;\"><strong>121, bld Emile Zola<\/strong><\/span><br \/><span style=\"color: #000000;\"><strong>Entr\u00e9e 1<\/strong><\/span><\/p>\n<p>[\/et_pb_text][\/et_pb_column_inner][et_pb_column_inner type=&#8221;1_3&#8243; saved_specialty_column_type=&#8221;1_2&#8243; _builder_version=&#8221;4.16&#8243; custom_padding=&#8221;18px|||&#8221; global_colors_info=&#8221;{}&#8221; padding_top__hover=&#8221;18px&#8221; parallax__hover=&#8221;off&#8221; parallax_method__hover=&#8221;on&#8221; custom_padding__hover=&#8221;|||&#8221;][et_pb_image src=&#8221;https:\/\/www.whos-yan.com\/wp-content\/uploads\/2019\/02\/crbst_The-Union-flag-010.jpg&#8221; align=&#8221;right&#8221; align_tablet=&#8221;center&#8221; align_phone=&#8221;&#8221; align_last_edited=&#8221;on|desktop&#8221; _builder_version=&#8221;4.16&#8243; global_colors_info=&#8221;{}&#8221;][\/et_pb_image][\/et_pb_column_inner][\/et_pb_row_inner][et_pb_row_inner admin_label=&#8221;Ligne&#8221; _builder_version=&#8221;4.16&#8243; custom_padding=&#8221;29.6875px|0px|20px|1px|false|false&#8221; global_colors_info=&#8221;{}&#8221;][et_pb_column_inner saved_specialty_column_type=&#8221;1_2&#8243; _builder_version=&#8221;4.16&#8243; custom_padding=&#8221;|||&#8221; global_colors_info=&#8221;{}&#8221; parallax__hover=&#8221;off&#8221; parallax_method__hover=&#8221;on&#8221; custom_padding__hover=&#8221;|||&#8221;][et_pb_text _builder_version=&#8221;4.21.0&#8243; header_2_font=&#8221;|700||on|||||&#8221; header_2_text_align=&#8221;center&#8221; hover_enabled=&#8221;0&#8243; global_colors_info=&#8221;{}&#8221; sticky_enabled=&#8221;0&#8243;]<\/p>\n<p>&nbsp;<\/p>\n<p><span style=\"color: #000000;\"><span style=\"font-size: 16px;\"><\/span><\/span><\/p>\n<p><span style=\"color: #000000;\"><span style=\"font-size: 16px;\">You wish to:<\/span><strong style=\"font-size: 16px;\"> get back <\/strong><span style=\"font-size: 16px;\">to English<\/span><strong style=\"font-size: 16px;\"> or improve <\/strong><span style=\"font-size: 16px;\">your level with course of English ?<\/span><\/span><\/p>\n<p><span style=\"color: #000000;\">Yan-Brian, <\/span><strong style=\"color: #000000; font-size: 16px;\">ELT<\/strong><span style=\"color: #000000; font-size: 16px;\"> teacher (<\/span><strong style=\"color: #000000; font-size: 16px;\">CELTA<\/strong><span style=\"color: #000000; font-size: 16px;\"> holder from Cambridge University) provides:<\/span><\/p>\n<p><span style=\"color: #000000; font-family: Average, Georgia, 'Times New Roman', serif; font-size: 22px; text-transform: uppercase;\">ORAL ENGLISH TRAINING<\/span><\/p>\n<ul>\n<li><span style=\"color: #000000;\"><strong>Very small groups<\/strong> (max 4) for<strong> active participation<\/strong><\/span><\/li>\n<li><span style=\"color: #000000;\"><strong>Conversation <\/strong>training<\/span><\/li>\n<li><span style=\"color: #000000;\"><strong>Innovative <\/strong>method,<strong> adapted <\/strong>levels<\/span><\/li>\n<li><span style=\"color: #000000;\"><strong>Friendly <\/strong>and<strong> dynamic <\/strong>atmosphere\u00a0<\/span><\/li>\n<li><span style=\"color: #000000;\"><span style=\"text-decoration: underline;\">Schedule:<\/span> day, evening or Saturday<\/span><\/li>\n<\/ul>\n<p><span style=\"color: #000000;\">\u00a0<strong>Price<\/strong><span style=\"font-size: large;\"><strong>\u00a010\u20ac\/hour<\/strong><\/span><\/span><\/p>\n<p>[\/et_pb_text][\/et_pb_column_inner][\/et_pb_row_inner][et_pb_row_inner column_structure=&#8221;1_2,1_2&#8243; _builder_version=&#8221;4.16&#8243; custom_padding=&#8221;0|0px|0|0px|false|false&#8221; global_colors_info=&#8221;{}&#8221;][et_pb_column_inner type=&#8221;1_2&#8243; saved_specialty_column_type=&#8221;1_2&#8243; _builder_version=&#8221;4.16&#8243; custom_padding=&#8221;|||&#8221; global_colors_info=&#8221;{}&#8221; parallax__hover=&#8221;off&#8221; parallax_method__hover=&#8221;on&#8221; custom_padding__hover=&#8221;|||&#8221;][et_pb_image url=&#8221;https:\/\/www.youtube.com\/channel\/UCUj82FlLCPaobB0ZM2giiyQ&#8221; url_new_window=&#8221;on&#8221; align_tablet=&#8221;center&#8221; align_phone=&#8221;&#8221; align_last_edited=&#8221;on|desktop&#8221; _builder_version=&#8221;4.16&#8243; max_width=&#8221;60%&#8221; module_alignment=&#8221;center&#8221; custom_margin=&#8221;||0px&#8221; global_colors_info=&#8221;{}&#8221;][\/et_pb_image][et_pb_image src=&#8221;https:\/\/www.whos-yan.com\/wp-content\/uploads\/2019\/03\/youtube-e1552389566796.png&#8221; url=&#8221;https:\/\/www.youtube.com\/channel\/UCUj82FlLCPaobB0ZM2giiyQ&#8221; url_new_window=&#8221;on&#8221; align_tablet=&#8221;center&#8221; align_phone=&#8221;&#8221; align_last_edited=&#8221;on|desktop&#8221; _builder_version=&#8221;4.16&#8243; max_width=&#8221;57%&#8221; module_alignment=&#8221;center&#8221; custom_margin=&#8221;||0px&#8221; global_colors_info=&#8221;{}&#8221;][\/et_pb_image][et_pb_text _builder_version=&#8221;4.16&#8243; global_colors_info=&#8221;{}&#8221;]<\/p>\n<p style=\"text-align: center;\"><span style=\"font-size: medium; color: #000000;\"><strong>Yan-Brian Droniou-Maire<\/strong><\/span><\/p>\n<p>[\/et_pb_text][\/et_pb_column_inner][et_pb_column_inner type=&#8221;1_2&#8243; saved_specialty_column_type=&#8221;1_2&#8243; _builder_version=&#8221;4.16&#8243; custom_padding=&#8221;|||&#8221; global_colors_info=&#8221;{}&#8221; parallax__hover=&#8221;off&#8221; parallax_method__hover=&#8221;on&#8221; custom_padding__hover=&#8221;|||&#8221;][et_pb_image src=&#8221;https:\/\/www.whos-yan.com\/wp-content\/uploads\/2019\/03\/facebook.png&#8221; url=&#8221;https:\/\/fr-fr.facebook.com\/whosyan\/&#8221; url_new_window=&#8221;on&#8221; align_tablet=&#8221;center&#8221; align_phone=&#8221;&#8221; align_last_edited=&#8221;on|desktop&#8221; _builder_version=&#8221;4.16&#8243; max_width=&#8221;29%&#8221; module_alignment=&#8221;center&#8221; custom_margin=&#8221;||7px&#8221; global_colors_info=&#8221;{}&#8221;][\/et_pb_image][et_pb_text _builder_version=&#8221;4.16&#8243; global_colors_info=&#8221;{}&#8221;]<\/p>\n<p style=\"text-align: center;\"><span style=\"font-size: medium; color: #000000;\"><strong>Who&#8217;s Yan?<\/strong><\/span><\/p>\n<p>[\/et_pb_text][\/et_pb_column_inner][\/et_pb_row_inner][et_pb_row_inner _builder_version=&#8221;4.16&#8243; global_colors_info=&#8221;{}&#8221;][et_pb_column_inner saved_specialty_column_type=&#8221;1_2&#8243; _builder_version=&#8221;4.16&#8243; custom_padding=&#8221;|||&#8221; global_colors_info=&#8221;{}&#8221; parallax__hover=&#8221;off&#8221; parallax_method__hover=&#8221;on&#8221; custom_padding__hover=&#8221;|||&#8221;][et_pb_text _builder_version=&#8221;4.18.0&#8243; global_colors_info=&#8221;{}&#8221;]<\/p>\n<p style=\"text-align: center;\"><span style=\"font-size: large; color: #000000;\"><span style=\"text-decoration: underline;\"><strong>Phone:<\/strong><\/span>\u00a006 16 49 46 39<\/span><\/p>\n<p>[\/et_pb_text][\/et_pb_column_inner][\/et_pb_row_inner][\/et_pb_column][et_pb_column type=&#8221;1_2&#8243; _builder_version=&#8221;4.16&#8243; custom_padding=&#8221;|||&#8221; global_colors_info=&#8221;{}&#8221; parallax__hover=&#8221;off&#8221; parallax_method__hover=&#8221;on&#8221; custom_padding__hover=&#8221;|||&#8221;][et_pb_image src=&#8221;https:\/\/www.whos-yan.com\/wp-content\/uploads\/2019\/03\/crbst_big_ben1.png&#8221; align=&#8221;center&#8221; align_tablet=&#8221;center&#8221; align_phone=&#8221;&#8221; align_last_edited=&#8221;on|desktop&#8221; _builder_version=&#8221;4.16&#8243; custom_padding=&#8221;80px||&#8221; custom_padding_tablet=&#8221;0px||&#8221; custom_padding_phone=&#8221;&#8221; custom_padding_last_edited=&#8221;on|phone&#8221; global_colors_info=&#8221;{}&#8221;][\/et_pb_image][\/et_pb_column][\/et_pb_section]<\/p>\n","protected":false},"excerpt":{"rendered":"<p>ENGLISH CLASSES FOR ADULTSLAXOU121, bld Emile ZolaEntr\u00e9e 1&nbsp; You wish to: get back to English or improve your level with course of English ? Yan-Brian, ELT teacher (CELTA holder from Cambridge University) provides: ORAL ENGLISH TRAINING Very small groups (max 4) for active participation Conversation training Innovative method, adapted levels Friendly and dynamic atmosphere\u00a0 Schedule: [&hellip;]<\/p>\n","protected":false},"author":3,"featured_media":0,"parent":0,"menu_order":1,"comment_status":"closed","ping_status":"closed","template":"","meta":{"_et_pb_use_builder":"on","_et_pb_old_content":"<!-- wp:paragraph -->\r\n\r\n<p>Ceci est une page d\u2019exemple. C\u2019est diff\u00e9rent d\u2019un article de blog parce qu\u2019elle restera au m\u00eame endroit et appara\u00eetra dans la navigation de votre site (dans la plupart des th\u00e8mes). La plupart des gens commencent par une page \u00ab\u00a0\u00c0 propos\u00a0\u00bb qui les pr\u00e9sente aux visiteurs du site. Cela pourrait ressembler \u00e0 quelque chose comme cela\u00a0:<\/p>\r\n\r\n<!-- \/wp:paragraph -->\r\n\r\n\r\n\r\n<!-- wp:quote -->\r\n\r\n<blockquote class=\"wp-block-quote\"><p>Bonjour\u00a0! Je suis un m\u00e9canicien qui aspire \u00e0 devenir acteur, et voici mon site. J\u2019habite \u00e0 Bordeaux, j\u2019ai un super chien baptis\u00e9 Russell, et j\u2019aime la vodka-ananas (ainsi qu\u2019\u00eatre surpris par la pluie soudaine lors de longues balades sur la plage au coucher du soleil).<\/p><\/blockquote>\r\n\r\n<!-- \/wp:quote -->\r\n\r\n\r\n\r\n<!-- wp:paragraph -->\r\n\r\n<p>... ou quelque chose comme cela\u00a0:<\/p>\r\n\r\n<!-- \/wp:paragraph -->\r\n\r\n\r\n\r\n<!-- wp:quote -->\r\n\r\n<blockquote class=\"wp-block-quote\"><p>La soci\u00e9t\u00e9 123 Machin Truc a \u00e9t\u00e9 cr\u00e9\u00e9e en 1971, et n\u2019a cess\u00e9 de proposer au public des machins-trucs de qualit\u00e9 depuis lors. Situ\u00e9e \u00e0 Saint-Remy-en-Bouzemont-Saint-Genest-et-Isson, 123 Machin Truc emploie 2 000 personnes, et fabrique toutes sortes de bidules super pour la communaut\u00e9 bouzemontoise.<\/p><\/blockquote>\r\n\r\n<!-- \/wp:quote -->\r\n\r\n\r\n\r\n<!-- wp:paragraph -->\r\n\r\n<p>En tant que nouvel\u00b7le utilisateur ou utilisatrice de WordPress, vous devriez vous rendre sur <a href=\"https:\/\/www.whos-yan.com\/wp-admin\/\">votre tableau de bord<\/a> pour supprimer cette page et cr\u00e9er de nouvelles pages pour votre contenu. Amusez-vous bien\u00a0!<\/p>\r\n\r\n<!-- \/wp:paragraph -->","_et_gb_content_width":"","footnotes":""},"class_list":["post-205","page","type-page","status-publish","hentry"],"yoast_head":"<!-- This site is optimized with the Yoast SEO plugin v27.5 - https:\/\/yoast.com\/product\/yoast-seo-wordpress\/ -->\n<title>Home : cours d&#039;anglais \u00e0 Nancy - Whos-Yan<\/title>\n<meta name=\"description\" content=\"Vous voulez reprendre l\u2019Anglais ou am\u00e9liorer votre niveau ? Who&#039;s Yan propose des cours d&#039;anglais pour adultes avec une m\u00e9thode innovante !\" \/>\n<meta name=\"robots\" content=\"index, follow, max-snippet:-1, max-image-preview:large, max-video-preview:-1\" \/>\n<link rel=\"canonical\" href=\"https:\/\/www.whos-yan.com\/en\/\" \/>\n<meta property=\"og:locale\" content=\"en_US\" \/>\n<meta property=\"og:type\" content=\"article\" \/>\n<meta property=\"og:title\" content=\"Home : cours d&#039;anglais \u00e0 Nancy - Whos-Yan\" \/>\n<meta property=\"og:description\" content=\"Vous voulez reprendre l\u2019Anglais ou am\u00e9liorer votre niveau ? Who&#039;s Yan propose des cours d&#039;anglais pour adultes avec une m\u00e9thode innovante !\" \/>\n<meta property=\"og:url\" content=\"https:\/\/www.whos-yan.com\/en\/\" \/>\n<meta property=\"og:site_name\" content=\"Whos-Yan\" \/>\n<meta property=\"article:publisher\" content=\"https:\/\/www.facebook.com\/whosyan\/\" \/>\n<meta property=\"article:modified_time\" content=\"2023-06-12T19:29:23+00:00\" \/>\n<meta name=\"twitter:card\" content=\"summary_large_image\" \/>\n<meta name=\"twitter:label1\" content=\"Est. reading time\" \/>\n\t<meta name=\"twitter:data1\" content=\"5 minutes\" \/>\n<script type=\"application\/ld+json\" class=\"yoast-schema-graph\">{\"@context\":\"https:\\\/\\\/schema.org\",\"@graph\":[{\"@type\":\"WebPage\",\"@id\":\"https:\\\/\\\/www.whos-yan.com\\\/en\\\/\",\"url\":\"https:\\\/\\\/www.whos-yan.com\\\/en\\\/\",\"name\":\"Home : cours d'anglais \u00e0 Nancy - Whos-Yan\",\"isPartOf\":{\"@id\":\"https:\\\/\\\/www.whos-yan.com\\\/#website\"},\"datePublished\":\"2019-02-18T16:54:48+00:00\",\"dateModified\":\"2023-06-12T19:29:23+00:00\",\"description\":\"Vous voulez reprendre l\u2019Anglais ou am\u00e9liorer votre niveau ? Who's Yan propose des cours d'anglais pour adultes avec une m\u00e9thode innovante !\",\"breadcrumb\":{\"@id\":\"https:\\\/\\\/www.whos-yan.com\\\/en\\\/#breadcrumb\"},\"inLanguage\":\"en-US\",\"potentialAction\":[{\"@type\":\"ReadAction\",\"target\":[\"https:\\\/\\\/www.whos-yan.com\\\/en\\\/\"]}]},{\"@type\":\"BreadcrumbList\",\"@id\":\"https:\\\/\\\/www.whos-yan.com\\\/en\\\/#breadcrumb\",\"itemListElement\":[{\"@type\":\"ListItem\",\"position\":1,\"name\":\"Accueil\",\"item\":\"https:\\\/\\\/www.whos-yan.com\\\/en\\\/\"},{\"@type\":\"ListItem\",\"position\":2,\"name\":\"Home\"}]},{\"@type\":\"WebSite\",\"@id\":\"https:\\\/\\\/www.whos-yan.com\\\/#website\",\"url\":\"https:\\\/\\\/www.whos-yan.com\\\/\",\"name\":\"Whos-Yan\",\"description\":\"\",\"publisher\":{\"@id\":\"https:\\\/\\\/www.whos-yan.com\\\/#organization\"},\"potentialAction\":[{\"@type\":\"SearchAction\",\"target\":{\"@type\":\"EntryPoint\",\"urlTemplate\":\"https:\\\/\\\/www.whos-yan.com\\\/?s={search_term_string}\"},\"query-input\":{\"@type\":\"PropertyValueSpecification\",\"valueRequired\":true,\"valueName\":\"search_term_string\"}}],\"inLanguage\":\"en-US\"},{\"@type\":\"Organization\",\"@id\":\"https:\\\/\\\/www.whos-yan.com\\\/#organization\",\"name\":\"Who's Yan\",\"url\":\"https:\\\/\\\/www.whos-yan.com\\\/\",\"logo\":{\"@type\":\"ImageObject\",\"inLanguage\":\"en-US\",\"@id\":\"https:\\\/\\\/www.whos-yan.com\\\/#\\\/schema\\\/logo\\\/image\\\/\",\"url\":\"https:\\\/\\\/www.whos-yan.com\\\/wp-content\\\/uploads\\\/2019\\\/02\\\/logo.png\",\"contentUrl\":\"https:\\\/\\\/www.whos-yan.com\\\/wp-content\\\/uploads\\\/2019\\\/02\\\/logo.png\",\"width\":475,\"height\":92,\"caption\":\"Who's Yan\"},\"image\":{\"@id\":\"https:\\\/\\\/www.whos-yan.com\\\/#\\\/schema\\\/logo\\\/image\\\/\"},\"sameAs\":[\"https:\\\/\\\/www.facebook.com\\\/whosyan\\\/\",\"https:\\\/\\\/www.youtube.com\\\/channel\\\/UCUj82FlLCPaobB0ZM2giiyQ\"]}]}<\/script>\n<!-- \/ Yoast SEO plugin. -->","yoast_head_json":{"title":"Home : cours d'anglais \u00e0 Nancy - Whos-Yan","description":"Vous voulez reprendre l\u2019Anglais ou am\u00e9liorer votre niveau ? Who's Yan propose des cours d'anglais pour adultes avec une m\u00e9thode innovante !","robots":{"index":"index","follow":"follow","max-snippet":"max-snippet:-1","max-image-preview":"max-image-preview:large","max-video-preview":"max-video-preview:-1"},"canonical":"https:\/\/www.whos-yan.com\/en\/","og_locale":"en_US","og_type":"article","og_title":"Home : cours d'anglais \u00e0 Nancy - Whos-Yan","og_description":"Vous voulez reprendre l\u2019Anglais ou am\u00e9liorer votre niveau ? Who's Yan propose des cours d'anglais pour adultes avec une m\u00e9thode innovante !","og_url":"https:\/\/www.whos-yan.com\/en\/","og_site_name":"Whos-Yan","article_publisher":"https:\/\/www.facebook.com\/whosyan\/","article_modified_time":"2023-06-12T19:29:23+00:00","twitter_card":"summary_large_image","twitter_misc":{"Est. reading time":"5 minutes"},"schema":{"@context":"https:\/\/schema.org","@graph":[{"@type":"WebPage","@id":"https:\/\/www.whos-yan.com\/en\/","url":"https:\/\/www.whos-yan.com\/en\/","name":"Home : cours d'anglais \u00e0 Nancy - Whos-Yan","isPartOf":{"@id":"https:\/\/www.whos-yan.com\/#website"},"datePublished":"2019-02-18T16:54:48+00:00","dateModified":"2023-06-12T19:29:23+00:00","description":"Vous voulez reprendre l\u2019Anglais ou am\u00e9liorer votre niveau ? Who's Yan propose des cours d'anglais pour adultes avec une m\u00e9thode innovante !","breadcrumb":{"@id":"https:\/\/www.whos-yan.com\/en\/#breadcrumb"},"inLanguage":"en-US","potentialAction":[{"@type":"ReadAction","target":["https:\/\/www.whos-yan.com\/en\/"]}]},{"@type":"BreadcrumbList","@id":"https:\/\/www.whos-yan.com\/en\/#breadcrumb","itemListElement":[{"@type":"ListItem","position":1,"name":"Accueil","item":"https:\/\/www.whos-yan.com\/en\/"},{"@type":"ListItem","position":2,"name":"Home"}]},{"@type":"WebSite","@id":"https:\/\/www.whos-yan.com\/#website","url":"https:\/\/www.whos-yan.com\/","name":"Whos-Yan","description":"","publisher":{"@id":"https:\/\/www.whos-yan.com\/#organization"},"potentialAction":[{"@type":"SearchAction","target":{"@type":"EntryPoint","urlTemplate":"https:\/\/www.whos-yan.com\/?s={search_term_string}"},"query-input":{"@type":"PropertyValueSpecification","valueRequired":true,"valueName":"search_term_string"}}],"inLanguage":"en-US"},{"@type":"Organization","@id":"https:\/\/www.whos-yan.com\/#organization","name":"Who's Yan","url":"https:\/\/www.whos-yan.com\/","logo":{"@type":"ImageObject","inLanguage":"en-US","@id":"https:\/\/www.whos-yan.com\/#\/schema\/logo\/image\/","url":"https:\/\/www.whos-yan.com\/wp-content\/uploads\/2019\/02\/logo.png","contentUrl":"https:\/\/www.whos-yan.com\/wp-content\/uploads\/2019\/02\/logo.png","width":475,"height":92,"caption":"Who's Yan"},"image":{"@id":"https:\/\/www.whos-yan.com\/#\/schema\/logo\/image\/"},"sameAs":["https:\/\/www.facebook.com\/whosyan\/","https:\/\/www.youtube.com\/channel\/UCUj82FlLCPaobB0ZM2giiyQ"]}]}},"_links":{"self":[{"href":"https:\/\/www.whos-yan.com\/en\/wp-json\/wp\/v2\/pages\/205","targetHints":{"allow":["GET"]}}],"collection":[{"href":"https:\/\/www.whos-yan.com\/en\/wp-json\/wp\/v2\/pages"}],"about":[{"href":"https:\/\/www.whos-yan.com\/en\/wp-json\/wp\/v2\/types\/page"}],"author":[{"embeddable":true,"href":"https:\/\/www.whos-yan.com\/en\/wp-json\/wp\/v2\/users\/3"}],"replies":[{"embeddable":true,"href":"https:\/\/www.whos-yan.com\/en\/wp-json\/wp\/v2\/comments?post=205"}],"version-history":[{"count":3,"href":"https:\/\/www.whos-yan.com\/en\/wp-json\/wp\/v2\/pages\/205\/revisions"}],"predecessor-version":[{"id":802,"href":"https:\/\/www.whos-yan.com\/en\/wp-json\/wp\/v2\/pages\/205\/revisions\/802"}],"wp:attachment":[{"href":"https:\/\/www.whos-yan.com\/en\/wp-json\/wp\/v2\/media?parent=205"}],"curies":[{"name":"wp","href":"https:\/\/api.w.org\/{rel}","templated":true}]}}