{"id":378,"date":"2019-04-05T11:41:13","date_gmt":"2019-04-05T09:41:13","guid":{"rendered":"https:\/\/www.whos-yan.com\/videos\/"},"modified":"2022-09-24T23:39:50","modified_gmt":"2022-09-24T21:39:50","slug":"videos","status":"publish","type":"page","link":"https:\/\/www.whos-yan.com\/en\/videos\/","title":{"rendered":"Videos"},"content":{"rendered":"<p>[et_pb_section fb_built=&#8221;1&#8243; fullwidth=&#8221;on&#8221; _builder_version=&#8221;4.16&#8243; background_image=&#8221;https:\/\/www.whos-yan.com\/wp-content\/uploads\/2019\/02\/bandeau-bg.jpg&#8221; global_colors_info=&#8221;{}&#8221;][et_pb_fullwidth_post_title meta=&#8221;off&#8221; featured_image=&#8221;off&#8221; text_color=&#8221;light&#8221; _builder_version=&#8221;4.16&#8243; title_font=&#8221;|700||on|||||&#8221; title_text_align=&#8221;center&#8221; custom_padding=&#8221;60px||60px&#8221; global_colors_info=&#8221;{}&#8221;][\/et_pb_fullwidth_post_title][\/et_pb_section][et_pb_section fb_built=&#8221;1&#8243; _builder_version=&#8221;4.16&#8243; global_colors_info=&#8221;{}&#8221;][et_pb_row _builder_version=&#8221;4.16&#8243; background_size=&#8221;initial&#8221; background_position=&#8221;top_left&#8221; background_repeat=&#8221;repeat&#8221; custom_padding=&#8221;0|0px|0|0px|false|false&#8221; global_colors_info=&#8221;{}&#8221;][et_pb_column type=&#8221;4_4&#8243; _builder_version=&#8221;4.16&#8243; custom_padding=&#8221;|||&#8221; global_colors_info=&#8221;{}&#8221; custom_padding__hover=&#8221;|||&#8221;][et_pb_text admin_label=&#8221;Livres :&#8221; _builder_version=&#8221;4.16&#8243; global_colors_info=&#8221;{}&#8221;]<\/p>\n<h2>VIDEOS :<\/h2>\n<p>[\/et_pb_text][\/et_pb_column][\/et_pb_row][et_pb_row column_structure=&#8221;1_5,1_5,1_5,1_5,1_5&#8243; _builder_version=&#8221;4.16&#8243; background_size=&#8221;initial&#8221; background_position=&#8221;top_left&#8221; background_repeat=&#8221;repeat&#8221; custom_padding=&#8221;27px|0px|0|0px|false|false&#8221; global_colors_info=&#8221;{}&#8221;][et_pb_column type=&#8221;1_5&#8243; _builder_version=&#8221;4.16&#8243; custom_padding=&#8221;|||&#8221; global_colors_info=&#8221;{}&#8221; custom_padding__hover=&#8221;|||&#8221;][et_pb_video src=&#8221;https:\/\/www.whos-yan.com\/wp-content\/uploads\/2019\/04\/laura-for-the-web.m4v&#8221; _builder_version=&#8221;4.16&#8243; global_colors_info=&#8221;{}&#8221;][\/et_pb_video][et_pb_video src=&#8221;https:\/\/youtu.be\/jkON4gofdYU&#8221; _builder_version=&#8221;4.16&#8243; global_colors_info=&#8221;{}&#8221;][\/et_pb_video][et_pb_text _builder_version=&#8221;4.16&#8243; global_colors_info=&#8221;{}&#8221;]<\/p>\n<p style=\"text-align: center;\">Yan-Brian&#8217;s lockdown video<\/p>\n<p>[\/et_pb_text][\/et_pb_column][et_pb_column type=&#8221;1_5&#8243; _builder_version=&#8221;4.16&#8243; custom_padding=&#8221;|||&#8221; global_colors_info=&#8221;{}&#8221; custom_padding__hover=&#8221;|||&#8221;][et_pb_video src=&#8221;https:\/\/www.youtube.com\/watch?v=PhF7aV_5uLA&#038;t=5s&#8221; _builder_version=&#8221;4.16&#8243; global_colors_info=&#8221;{}&#8221;][\/et_pb_video][et_pb_text _builder_version=&#8221;4.16&#8243; global_colors_info=&#8221;{}&#8221;]<\/p>\n<p style=\"text-align: center;\">New website promo<\/p>\n<p>[\/et_pb_text][\/et_pb_column][et_pb_column type=&#8221;1_5&#8243; _builder_version=&#8221;4.16&#8243; global_colors_info=&#8221;{}&#8221;][et_pb_video src=&#8221;https:\/\/youtu.be\/3fOhH12Y7dw&#8221; _builder_version=&#8221;4.18.0&#8243; hover_enabled=&#8221;0&#8243; global_colors_info=&#8221;{}&#8221; sticky_enabled=&#8221;0&#8243;][\/et_pb_video][et_pb_text _builder_version=&#8221;4.18.0&#8243; hover_enabled=&#8221;0&#8243; global_colors_info=&#8221;{}&#8221; sticky_enabled=&#8221;0&#8243;]<\/p>\n<p style=\"text-align: center;\">What my students say about my classes<\/p>\n<p>[\/et_pb_text][\/et_pb_column][et_pb_column type=&#8221;1_5&#8243; _builder_version=&#8221;4.16&#8243; custom_padding=&#8221;|||&#8221; global_colors_info=&#8221;{}&#8221; custom_padding__hover=&#8221;|||&#8221;][et_pb_video src=&#8221;https:\/\/www.youtube.com\/watch?v=HWyMfh1SK_I&#8221; _builder_version=&#8221;4.16&#8243; global_colors_info=&#8221;{}&#8221;][\/et_pb_video][et_pb_text _builder_version=&#8221;4.16&#8243; global_colors_info=&#8221;{}&#8221;]<\/p>\n<p style=\"text-align: center;\">Funny confusion<\/p>\n<p>[\/et_pb_text][\/et_pb_column][et_pb_column type=&#8221;1_5&#8243; _builder_version=&#8221;4.16&#8243; custom_padding=&#8221;|||&#8221; global_colors_info=&#8221;{}&#8221; custom_padding__hover=&#8221;|||&#8221;][et_pb_video src=&#8221;https:\/\/www.whos-yan.com\/wp-content\/uploads\/2019\/05\/joe.m4v&#8221; _builder_version=&#8221;4.16&#8243; global_colors_info=&#8221;{}&#8221;][\/et_pb_video][et_pb_text _builder_version=&#8221;4.16&#8243; global_colors_info=&#8221;{}&#8221;]<\/p>\n<p style=\"text-align: center;\">Joe&#8217;s opinion<\/p>\n<p>[\/et_pb_text][\/et_pb_column][\/et_pb_row][\/et_pb_section]<\/p>\n","protected":false},"excerpt":{"rendered":"<p>VIDEOS :Yan-Brian&#8217;s lockdown videoNew website promoWhat my students say about my classesFunny confusionJoe&#8217;s opinion<\/p>\n","protected":false},"author":3,"featured_media":0,"parent":0,"menu_order":4,"comment_status":"closed","ping_status":"closed","template":"","meta":{"_et_pb_use_builder":"on","_et_pb_old_content":"","_et_gb_content_width":"","footnotes":""},"class_list":["post-378","page","type-page","status-publish","hentry"],"yoast_head":"<!-- This site is optimized with the Yoast SEO plugin v27.3 - https:\/\/yoast.com\/product\/yoast-seo-wordpress\/ -->\n<title>Videos - Whos-Yan<\/title>\n<meta name=\"description\" content=\"Retrouvez ici des vid\u00e9os utiles principalement cr\u00e9\u00e9es par who&#039;s Yan. Entre autres vous pourrez aussi d\u00e9couvrir diff\u00e9rents avis\" \/>\n<meta name=\"robots\" content=\"index, follow, max-snippet:-1, max-image-preview:large, max-video-preview:-1\" \/>\n<link rel=\"canonical\" href=\"https:\/\/www.whos-yan.com\/en\/videos\/\" \/>\n<meta property=\"og:locale\" content=\"en_US\" \/>\n<meta property=\"og:type\" content=\"article\" \/>\n<meta property=\"og:title\" content=\"Videos - Whos-Yan\" \/>\n<meta property=\"og:description\" content=\"Retrouvez ici des vid\u00e9os utiles principalement cr\u00e9\u00e9es par who&#039;s Yan. Entre autres vous pourrez aussi d\u00e9couvrir diff\u00e9rents avis\" \/>\n<meta property=\"og:url\" content=\"https:\/\/www.whos-yan.com\/en\/videos\/\" \/>\n<meta property=\"og:site_name\" content=\"Whos-Yan\" \/>\n<meta property=\"article:publisher\" content=\"https:\/\/www.facebook.com\/whosyan\/\" \/>\n<meta property=\"article:modified_time\" content=\"2022-09-24T21:39:50+00:00\" \/>\n<meta name=\"twitter:card\" content=\"summary_large_image\" \/>\n<meta name=\"twitter:label1\" content=\"Est. reading time\" \/>\n\t<meta name=\"twitter:data1\" content=\"2 minutes\" \/>\n<script type=\"application\/ld+json\" class=\"yoast-schema-graph\">{\"@context\":\"https:\\\/\\\/schema.org\",\"@graph\":[{\"@type\":\"WebPage\",\"@id\":\"https:\\\/\\\/www.whos-yan.com\\\/en\\\/videos\\\/\",\"url\":\"https:\\\/\\\/www.whos-yan.com\\\/en\\\/videos\\\/\",\"name\":\"Videos - Whos-Yan\",\"isPartOf\":{\"@id\":\"https:\\\/\\\/www.whos-yan.com\\\/#website\"},\"datePublished\":\"2019-04-05T09:41:13+00:00\",\"dateModified\":\"2022-09-24T21:39:50+00:00\",\"description\":\"Retrouvez ici des vid\u00e9os utiles principalement cr\u00e9\u00e9es par who's Yan. Entre autres vous pourrez aussi d\u00e9couvrir diff\u00e9rents avis\",\"breadcrumb\":{\"@id\":\"https:\\\/\\\/www.whos-yan.com\\\/en\\\/videos\\\/#breadcrumb\"},\"inLanguage\":\"en-US\",\"potentialAction\":[{\"@type\":\"ReadAction\",\"target\":[\"https:\\\/\\\/www.whos-yan.com\\\/en\\\/videos\\\/\"]}]},{\"@type\":\"BreadcrumbList\",\"@id\":\"https:\\\/\\\/www.whos-yan.com\\\/en\\\/videos\\\/#breadcrumb\",\"itemListElement\":[{\"@type\":\"ListItem\",\"position\":1,\"name\":\"Accueil\",\"item\":\"https:\\\/\\\/www.whos-yan.com\\\/en\\\/\"},{\"@type\":\"ListItem\",\"position\":2,\"name\":\"Videos\"}]},{\"@type\":\"WebSite\",\"@id\":\"https:\\\/\\\/www.whos-yan.com\\\/#website\",\"url\":\"https:\\\/\\\/www.whos-yan.com\\\/\",\"name\":\"Whos-Yan\",\"description\":\"\",\"publisher\":{\"@id\":\"https:\\\/\\\/www.whos-yan.com\\\/#organization\"},\"potentialAction\":[{\"@type\":\"SearchAction\",\"target\":{\"@type\":\"EntryPoint\",\"urlTemplate\":\"https:\\\/\\\/www.whos-yan.com\\\/?s={search_term_string}\"},\"query-input\":{\"@type\":\"PropertyValueSpecification\",\"valueRequired\":true,\"valueName\":\"search_term_string\"}}],\"inLanguage\":\"en-US\"},{\"@type\":\"Organization\",\"@id\":\"https:\\\/\\\/www.whos-yan.com\\\/#organization\",\"name\":\"Who's Yan\",\"url\":\"https:\\\/\\\/www.whos-yan.com\\\/\",\"logo\":{\"@type\":\"ImageObject\",\"inLanguage\":\"en-US\",\"@id\":\"https:\\\/\\\/www.whos-yan.com\\\/#\\\/schema\\\/logo\\\/image\\\/\",\"url\":\"https:\\\/\\\/www.whos-yan.com\\\/wp-content\\\/uploads\\\/2019\\\/02\\\/logo.png\",\"contentUrl\":\"https:\\\/\\\/www.whos-yan.com\\\/wp-content\\\/uploads\\\/2019\\\/02\\\/logo.png\",\"width\":475,\"height\":92,\"caption\":\"Who's Yan\"},\"image\":{\"@id\":\"https:\\\/\\\/www.whos-yan.com\\\/#\\\/schema\\\/logo\\\/image\\\/\"},\"sameAs\":[\"https:\\\/\\\/www.facebook.com\\\/whosyan\\\/\",\"https:\\\/\\\/www.youtube.com\\\/channel\\\/UCUj82FlLCPaobB0ZM2giiyQ\"]}]}<\/script>\n<!-- \/ Yoast SEO plugin. -->","yoast_head_json":{"title":"Videos - Whos-Yan","description":"Retrouvez ici des vid\u00e9os utiles principalement cr\u00e9\u00e9es par who's Yan. Entre autres vous pourrez aussi d\u00e9couvrir diff\u00e9rents avis","robots":{"index":"index","follow":"follow","max-snippet":"max-snippet:-1","max-image-preview":"max-image-preview:large","max-video-preview":"max-video-preview:-1"},"canonical":"https:\/\/www.whos-yan.com\/en\/videos\/","og_locale":"en_US","og_type":"article","og_title":"Videos - Whos-Yan","og_description":"Retrouvez ici des vid\u00e9os utiles principalement cr\u00e9\u00e9es par who's Yan. Entre autres vous pourrez aussi d\u00e9couvrir diff\u00e9rents avis","og_url":"https:\/\/www.whos-yan.com\/en\/videos\/","og_site_name":"Whos-Yan","article_publisher":"https:\/\/www.facebook.com\/whosyan\/","article_modified_time":"2022-09-24T21:39:50+00:00","twitter_card":"summary_large_image","twitter_misc":{"Est. reading time":"2 minutes"},"schema":{"@context":"https:\/\/schema.org","@graph":[{"@type":"WebPage","@id":"https:\/\/www.whos-yan.com\/en\/videos\/","url":"https:\/\/www.whos-yan.com\/en\/videos\/","name":"Videos - Whos-Yan","isPartOf":{"@id":"https:\/\/www.whos-yan.com\/#website"},"datePublished":"2019-04-05T09:41:13+00:00","dateModified":"2022-09-24T21:39:50+00:00","description":"Retrouvez ici des vid\u00e9os utiles principalement cr\u00e9\u00e9es par who's Yan. Entre autres vous pourrez aussi d\u00e9couvrir diff\u00e9rents avis","breadcrumb":{"@id":"https:\/\/www.whos-yan.com\/en\/videos\/#breadcrumb"},"inLanguage":"en-US","potentialAction":[{"@type":"ReadAction","target":["https:\/\/www.whos-yan.com\/en\/videos\/"]}]},{"@type":"BreadcrumbList","@id":"https:\/\/www.whos-yan.com\/en\/videos\/#breadcrumb","itemListElement":[{"@type":"ListItem","position":1,"name":"Accueil","item":"https:\/\/www.whos-yan.com\/en\/"},{"@type":"ListItem","position":2,"name":"Videos"}]},{"@type":"WebSite","@id":"https:\/\/www.whos-yan.com\/#website","url":"https:\/\/www.whos-yan.com\/","name":"Whos-Yan","description":"","publisher":{"@id":"https:\/\/www.whos-yan.com\/#organization"},"potentialAction":[{"@type":"SearchAction","target":{"@type":"EntryPoint","urlTemplate":"https:\/\/www.whos-yan.com\/?s={search_term_string}"},"query-input":{"@type":"PropertyValueSpecification","valueRequired":true,"valueName":"search_term_string"}}],"inLanguage":"en-US"},{"@type":"Organization","@id":"https:\/\/www.whos-yan.com\/#organization","name":"Who's Yan","url":"https:\/\/www.whos-yan.com\/","logo":{"@type":"ImageObject","inLanguage":"en-US","@id":"https:\/\/www.whos-yan.com\/#\/schema\/logo\/image\/","url":"https:\/\/www.whos-yan.com\/wp-content\/uploads\/2019\/02\/logo.png","contentUrl":"https:\/\/www.whos-yan.com\/wp-content\/uploads\/2019\/02\/logo.png","width":475,"height":92,"caption":"Who's Yan"},"image":{"@id":"https:\/\/www.whos-yan.com\/#\/schema\/logo\/image\/"},"sameAs":["https:\/\/www.facebook.com\/whosyan\/","https:\/\/www.youtube.com\/channel\/UCUj82FlLCPaobB0ZM2giiyQ"]}]}},"_links":{"self":[{"href":"https:\/\/www.whos-yan.com\/en\/wp-json\/wp\/v2\/pages\/378","targetHints":{"allow":["GET"]}}],"collection":[{"href":"https:\/\/www.whos-yan.com\/en\/wp-json\/wp\/v2\/pages"}],"about":[{"href":"https:\/\/www.whos-yan.com\/en\/wp-json\/wp\/v2\/types\/page"}],"author":[{"embeddable":true,"href":"https:\/\/www.whos-yan.com\/en\/wp-json\/wp\/v2\/users\/3"}],"replies":[{"embeddable":true,"href":"https:\/\/www.whos-yan.com\/en\/wp-json\/wp\/v2\/comments?post=378"}],"version-history":[{"count":2,"href":"https:\/\/www.whos-yan.com\/en\/wp-json\/wp\/v2\/pages\/378\/revisions"}],"predecessor-version":[{"id":767,"href":"https:\/\/www.whos-yan.com\/en\/wp-json\/wp\/v2\/pages\/378\/revisions\/767"}],"wp:attachment":[{"href":"https:\/\/www.whos-yan.com\/en\/wp-json\/wp\/v2\/media?parent=378"}],"curies":[{"name":"wp","href":"https:\/\/api.w.org\/{rel}","templated":true}]}}